{"id":16,"date":"2025-12-18T05:01:46","date_gmt":"2025-12-18T05:01:46","guid":{"rendered":"https:\/\/sr-gutachter.de\/?page_id=16"},"modified":"2026-01-08T03:15:02","modified_gmt":"2026-01-08T03:15:02","slug":"berichtsprozess","status":"publish","type":"page","link":"https:\/\/sr-gutachter.de\/index.php\/berichtsprozess\/","title":{"rendered":"Berichtsprozess"},"content":{"rendered":"\t\t<div data-elementor-type=\"wp-page\" data-elementor-id=\"16\" class=\"elementor elementor-16\" data-elementor-post-type=\"page\">\n\t\t\t\t<div class=\"elementor-element elementor-element-f4796ec e-flex e-con-boxed e-con e-parent\" data-id=\"f4796ec\" data-element_type=\"container\" data-e-type=\"container\" data-settings=\"{&quot;background_background&quot;:&quot;classic&quot;}\">\n\t\t\t\t\t<div class=\"e-con-inner\">\n\t\t<div class=\"elementor-element elementor-element-777e6fe e-con-full e-flex e-con e-child\" data-id=\"777e6fe\" data-element_type=\"container\" data-e-type=\"container\">\n\t\t\t\t<div class=\"elementor-element elementor-element-637c65e elementor-widget elementor-widget-heading\" data-id=\"637c65e\" data-element_type=\"widget\" data-e-type=\"widget\" data-widget_type=\"heading.default\">\n\t\t\t\t\t<h2 class=\"elementor-heading-title elementor-size-default\">Was tun nach einem Unfall<\/h2>\t\t\t\t<\/div>\n\t\t\t\t<div class=\"elementor-element elementor-element-4ee05cb elementor-widget elementor-widget-text-editor\" data-id=\"4ee05cb\" data-element_type=\"widget\" data-e-type=\"widget\" data-widget_type=\"text-editor.default\">\n\t\t\t\t\t\t\t\t\t<p><span data-teams=\"true\">Ein Unfall ist oft belastend. Wenn Sie unverschuldet sind, entstehen f\u00fcr Sie keine Kosten. Gutachter, Anwalt und Mietwagen werden vollst\u00e4ndig von der gegnerischen Versicherung \u00fcbernommen. Wir begleiten Sie von Anfang an und sorgen f\u00fcr eine professionelle Fahrzeugbewertung sowie die Durchsetzung Ihrer Rechte.<\/span><\/p>\t\t\t\t\t\t\t\t<\/div>\n\t\t\t\t<\/div>\n\t\t\t\t\t<\/div>\n\t\t\t\t<\/div>\n\t\t<div class=\"elementor-element elementor-element-67de0dc e-flex e-con-boxed e-con e-parent\" data-id=\"67de0dc\" data-element_type=\"container\" data-e-type=\"container\">\n\t\t\t\t\t<div class=\"e-con-inner\">\n\t\t<div class=\"elementor-element elementor-element-56cd418 e-con-full e-flex elementor-invisible e-con e-child\" data-id=\"56cd418\" data-element_type=\"container\" data-e-type=\"container\" data-settings=\"{&quot;animation&quot;:&quot;fadeInLeft&quot;}\">\n\t\t\t\t<div class=\"elementor-element elementor-element-76c3926 elementor-widget elementor-widget-image\" data-id=\"76c3926\" data-element_type=\"widget\" data-e-type=\"widget\" data-widget_type=\"image.default\">\n\t\t\t\t\t\t\t\t\t\t\t\t\t\t\t<img fetchpriority=\"high\" decoding=\"async\" width=\"2560\" height=\"1920\" src=\"https:\/\/sr-gutachter.de\/wp-content\/uploads\/2025\/12\/3EE51778-4B5B-494B-A222-45EA18E5094B-Copy-scaled.jpeg\" class=\"attachment-full size-full wp-image-52\" alt=\"\" srcset=\"https:\/\/sr-gutachter.de\/wp-content\/uploads\/2025\/12\/3EE51778-4B5B-494B-A222-45EA18E5094B-Copy-scaled.jpeg 2560w, https:\/\/sr-gutachter.de\/wp-content\/uploads\/2025\/12\/3EE51778-4B5B-494B-A222-45EA18E5094B-Copy-300x225.jpeg 300w, https:\/\/sr-gutachter.de\/wp-content\/uploads\/2025\/12\/3EE51778-4B5B-494B-A222-45EA18E5094B-Copy-1024x768.jpeg 1024w, https:\/\/sr-gutachter.de\/wp-content\/uploads\/2025\/12\/3EE51778-4B5B-494B-A222-45EA18E5094B-Copy-768x576.jpeg 768w, https:\/\/sr-gutachter.de\/wp-content\/uploads\/2025\/12\/3EE51778-4B5B-494B-A222-45EA18E5094B-Copy-1536x1152.jpeg 1536w, https:\/\/sr-gutachter.de\/wp-content\/uploads\/2025\/12\/3EE51778-4B5B-494B-A222-45EA18E5094B-Copy-2048x1536.jpeg 2048w\" sizes=\"(max-width: 2560px) 100vw, 2560px\" \/>\t\t\t\t\t\t\t\t\t\t\t\t\t\t\t<\/div>\n\t\t\t\t<\/div>\n\t\t<div class=\"elementor-element elementor-element-604a6aa e-con-full e-flex elementor-invisible e-con e-child\" data-id=\"604a6aa\" data-element_type=\"container\" data-e-type=\"container\" data-settings=\"{&quot;animation&quot;:&quot;fadeInRight&quot;}\">\n\t\t\t\t<div class=\"elementor-element elementor-element-31789a1 elementor-widget elementor-widget-heading\" data-id=\"31789a1\" data-element_type=\"widget\" data-e-type=\"widget\" data-widget_type=\"heading.default\">\n\t\t\t\t\t<h2 class=\"elementor-heading-title elementor-size-default\">Kontaktieren Sie uns f\u00fcr fachkundige Unterst\u00fctzung<\/h2>\t\t\t\t<\/div>\n\t\t\t\t<div class=\"elementor-element elementor-element-ff9f566 elementor-widget elementor-widget-text-editor\" data-id=\"ff9f566\" data-element_type=\"widget\" data-e-type=\"widget\" data-widget_type=\"text-editor.default\">\n\t\t\t\t\t\t\t\t\t<h5 data-start=\"751\" data-end=\"784\"><strong data-start=\"755\" data-end=\"784\">Rechtliche Unterst\u00fctzung:<\/strong><\/h5><p data-start=\"785\" data-end=\"1193\">Die rechtliche Prozessbew\u00e4ltigung nach einem Unfall kann schwierig sein. Die Versicherungsgesellschaft k\u00f6nnte versuchen, Ihnen eine niedrige Entsch\u00e4digung anzubieten, die Ihre gesamten Sch\u00e4den nicht abdeckt. Hier kommt unsere rechtliche Unterst\u00fctzung ins Spiel. Wir helfen Ihnen, Ihre Rechte zu verstehen, \u00fcbernehmen die Verhandlungen und sorgen daf\u00fcr, dass Sie die Entsch\u00e4digung erhalten, die Sie verdienen.<\/p><h5 data-start=\"1195\" data-end=\"1221\"><strong data-start=\"1199\" data-end=\"1221\">Fahrzeugbewertung:<\/strong><\/h5><p data-start=\"1222\" data-end=\"1611\">Nach einem Unfall ist es wichtig, Ihr Fahrzeug gr\u00fcndlich von einem zertifizierten Fahrzeuggutachter inspizieren zu lassen. Selbst kleine Unf\u00e4lle k\u00f6nnen versteckte Sch\u00e4den verursachen, die nicht sofort sichtbar sind. Unsere Gutachter stellen sicher, dass jedes Detail Ihres Fahrzeugs untersucht wird, um alle Sch\u00e4den zu dokumentieren, sodass Sie bestens auf Ihren Anspruch vorbereitet sind.<\/p>\t\t\t\t\t\t\t\t<\/div>\n\t\t\t\t<\/div>\n\t\t\t\t\t<\/div>\n\t\t\t\t<\/div>\n\t\t<div class=\"elementor-element elementor-element-fde0f21 e-flex e-con-boxed e-con e-parent\" data-id=\"fde0f21\" data-element_type=\"container\" data-e-type=\"container\" data-settings=\"{&quot;background_background&quot;:&quot;classic&quot;}\">\n\t\t\t\t\t<div class=\"e-con-inner\">\n\t\t<div class=\"elementor-element elementor-element-2adf6ae e-con-full e-flex elementor-invisible e-con e-child\" data-id=\"2adf6ae\" data-element_type=\"container\" data-e-type=\"container\" data-settings=\"{&quot;animation&quot;:&quot;fadeInLeft&quot;}\">\n\t\t\t\t<div class=\"elementor-element elementor-element-1ad38b9 elementor-widget elementor-widget-image\" data-id=\"1ad38b9\" data-element_type=\"widget\" data-e-type=\"widget\" data-widget_type=\"image.default\">\n\t\t\t\t\t\t\t\t\t\t\t\t\t\t\t<img decoding=\"async\" width=\"698\" height=\"388\" src=\"https:\/\/sr-gutachter.de\/wp-content\/uploads\/2025\/12\/7829EBD4-486D-4221-90E7-D51262AE2B2B-Copy.jpeg\" class=\"attachment-full size-full wp-image-62\" alt=\"\" srcset=\"https:\/\/sr-gutachter.de\/wp-content\/uploads\/2025\/12\/7829EBD4-486D-4221-90E7-D51262AE2B2B-Copy.jpeg 698w, https:\/\/sr-gutachter.de\/wp-content\/uploads\/2025\/12\/7829EBD4-486D-4221-90E7-D51262AE2B2B-Copy-300x167.jpeg 300w\" sizes=\"(max-width: 698px) 100vw, 698px\" \/>\t\t\t\t\t\t\t\t\t\t\t\t\t\t\t<\/div>\n\t\t\t\t<\/div>\n\t\t<div class=\"elementor-element elementor-element-11e2004 e-con-full e-flex elementor-invisible e-con e-child\" data-id=\"11e2004\" data-element_type=\"container\" data-e-type=\"container\" data-settings=\"{&quot;animation&quot;:&quot;fadeInRight&quot;}\">\n\t\t\t\t<div class=\"elementor-element elementor-element-5ef65ea elementor-widget elementor-widget-heading\" data-id=\"5ef65ea\" data-element_type=\"widget\" data-e-type=\"widget\" data-widget_type=\"heading.default\">\n\t\t\t\t\t<h2 class=\"elementor-heading-title elementor-size-default\">Fahrzeugbewertung<\/h2>\t\t\t\t<\/div>\n\t\t\t\t<div class=\"elementor-element elementor-element-49bd460 elementor-widget elementor-widget-text-editor\" data-id=\"49bd460\" data-element_type=\"widget\" data-e-type=\"widget\" data-widget_type=\"text-editor.default\">\n\t\t\t\t\t\t\t\t\t<p data-start=\"1644\" data-end=\"1883\"><strong data-start=\"1644\" data-end=\"1670\">Gr\u00fcndliche Inspektion:<\/strong><br data-start=\"1670\" data-end=\"1673\" \/>Wir inspizieren Ihr Fahrzeug gr\u00fcndlich, um alle Sch\u00e4den zu bewerten, einschlie\u00dflich struktureller und kosmetischer M\u00e4ngel. Selbst scheinbar kleine Kratzer oder Dellen k\u00f6nnen zu umfangreichen Reparaturen f\u00fchren.<\/p><p data-start=\"1885\" data-end=\"2102\"><strong data-start=\"1885\" data-end=\"1914\">Zertifiziertes Gutachten:<\/strong><br data-start=\"1914\" data-end=\"1917\" \/>Unser zertifiziertes Fahrzeugbewertungsgutachten ist detailliert und genau und wird Ihrem Anwalt oder Ihrer Versicherungsgesellschaft helfen, das volle Ausma\u00df des Schadens zu bestimmen.<\/p><p data-start=\"2104\" data-end=\"2296\"><strong data-start=\"2104\" data-end=\"2160\">Erhalten Sie ein schnelles, zuverl\u00e4ssiges Gutachten:<\/strong><br data-start=\"2160\" data-end=\"2163\" \/>Wir senden das Gutachten innerhalb von 24\u201348 Stunden, um sicherzustellen, dass der Schadenbearbeitungsprozess schnell voranschreitet.<\/p>\t\t\t\t\t\t\t\t<\/div>\n\t\t\t\t<\/div>\n\t\t\t\t\t<\/div>\n\t\t\t\t<\/div>\n\t\t<div class=\"elementor-element elementor-element-a18e3a3 e-flex e-con-boxed e-con e-parent\" data-id=\"a18e3a3\" data-element_type=\"container\" data-e-type=\"container\">\n\t\t\t\t\t<div class=\"e-con-inner\">\n\t\t<div class=\"elementor-element elementor-element-ec00920 e-con-full e-flex elementor-invisible e-con e-child\" data-id=\"ec00920\" data-element_type=\"container\" data-e-type=\"container\" data-settings=\"{&quot;animation&quot;:&quot;fadeInLeft&quot;}\">\n\t\t\t\t<div class=\"elementor-element elementor-element-1d7ff4a elementor-widget elementor-widget-image\" data-id=\"1d7ff4a\" data-element_type=\"widget\" data-e-type=\"widget\" data-widget_type=\"image.default\">\n\t\t\t\t\t\t\t\t\t\t\t\t\t\t\t<img decoding=\"async\" width=\"2560\" height=\"1920\" src=\"https:\/\/sr-gutachter.de\/wp-content\/uploads\/2025\/12\/30F8BFC6-45A5-49B9-AA0E-44E807349207-Copy-scaled.jpeg\" class=\"attachment-full size-full wp-image-69\" alt=\"\" srcset=\"https:\/\/sr-gutachter.de\/wp-content\/uploads\/2025\/12\/30F8BFC6-45A5-49B9-AA0E-44E807349207-Copy-scaled.jpeg 2560w, https:\/\/sr-gutachter.de\/wp-content\/uploads\/2025\/12\/30F8BFC6-45A5-49B9-AA0E-44E807349207-Copy-300x225.jpeg 300w, https:\/\/sr-gutachter.de\/wp-content\/uploads\/2025\/12\/30F8BFC6-45A5-49B9-AA0E-44E807349207-Copy-1024x768.jpeg 1024w, https:\/\/sr-gutachter.de\/wp-content\/uploads\/2025\/12\/30F8BFC6-45A5-49B9-AA0E-44E807349207-Copy-768x576.jpeg 768w, https:\/\/sr-gutachter.de\/wp-content\/uploads\/2025\/12\/30F8BFC6-45A5-49B9-AA0E-44E807349207-Copy-1536x1152.jpeg 1536w, https:\/\/sr-gutachter.de\/wp-content\/uploads\/2025\/12\/30F8BFC6-45A5-49B9-AA0E-44E807349207-Copy-2048x1536.jpeg 2048w\" sizes=\"(max-width: 2560px) 100vw, 2560px\" \/>\t\t\t\t\t\t\t\t\t\t\t\t\t\t\t<\/div>\n\t\t\t\t<\/div>\n\t\t<div class=\"elementor-element elementor-element-1ba17dd e-con-full e-flex elementor-invisible e-con e-child\" data-id=\"1ba17dd\" data-element_type=\"container\" data-e-type=\"container\" data-settings=\"{&quot;animation&quot;:&quot;fadeInRight&quot;}\">\n\t\t\t\t<div class=\"elementor-element elementor-element-bf413b7 elementor-widget elementor-widget-heading\" data-id=\"bf413b7\" data-element_type=\"widget\" data-e-type=\"widget\" data-widget_type=\"heading.default\">\n\t\t\t\t\t<h2 class=\"elementor-heading-title elementor-size-default\">Rechtliche Unterst\u00fctzung bei der Schadensregulierung<\/h2>\t\t\t\t<\/div>\n\t\t\t\t<div class=\"elementor-element elementor-element-13a55f6 elementor-widget elementor-widget-text-editor\" data-id=\"13a55f6\" data-element_type=\"widget\" data-e-type=\"widget\" data-widget_type=\"text-editor.default\">\n\t\t\t\t\t\t\t\t\t<h6 data-start=\"2364\" data-end=\"2411\"><strong data-start=\"2368\" data-end=\"2411\">Umgang mit Versicherungsgesellschaften:<\/strong><\/h6><p data-start=\"2412\" data-end=\"2772\">Die Versicherungsgesellschaft arbeitet oft daran, Schadensanspr\u00fcche so g\u00fcnstig wie m\u00f6glich zu regulieren. Wir arbeiten direkt mit Ihrem Anwalt oder der Versicherungsgesellschaft zusammen, um sicherzustellen, dass Ihr Anspruch ordnungsgem\u00e4\u00df bearbeitet wird. Unsere rechtliche Unterst\u00fctzung sorgt daf\u00fcr, dass Sie w\u00e4hrend des Prozesses nicht benachteiligt werden.<\/p><h6 data-start=\"2774\" data-end=\"2802\"><strong data-start=\"2778\" data-end=\"2802\">Schadensregulierung:<\/strong><\/h6><p data-start=\"2803\" data-end=\"3060\">Sobald Ihre Fahrzeugbewertung abgeschlossen ist, helfen wir Ihnen, diese bei den richtigen Stellen einzureichen, sei es bei Ihrem Anwalt oder der Versicherungsgesellschaft, und stellen sicher, dass Sie w\u00e4hrend des gesamten Prozesses voll unterst\u00fctzt werden.<\/p>\t\t\t\t\t\t\t\t<\/div>\n\t\t\t\t<\/div>\n\t\t\t\t\t<\/div>\n\t\t\t\t<\/div>\n\t\t\t\t<\/div>\n\t\t","protected":false},"excerpt":{"rendered":"<p>Was tun nach einem Unfall Ein Unfall ist oft belastend. Wenn Sie unverschuldet sind, entstehen f\u00fcr Sie keine Kosten. Gutachter, [&hellip;]<\/p>\n","protected":false},"author":1,"featured_media":0,"parent":0,"menu_order":0,"comment_status":"closed","ping_status":"closed","template":"elementor_header_footer","meta":{"site-sidebar-layout":"no-sidebar","site-content-layout":"","ast-site-content-layout":"full-width-container","site-content-style":"default","site-sidebar-style":"default","ast-global-header-display":"","ast-banner-title-visibility":"","ast-main-header-display":"","ast-hfb-above-header-display":"","ast-hfb-below-header-display":"","ast-hfb-mobile-header-display":"","site-post-title":"","ast-breadcrumbs-content":"","ast-featured-img":"disabled","footer-sml-layout":"","ast-disable-related-posts":"","theme-transparent-header-meta":"default","adv-header-id-meta":"","stick-header-meta":"","header-above-stick-meta":"","header-main-stick-meta":"","header-below-stick-meta":"","astra-migrate-meta-layouts":"set","ast-page-background-enabled":"default","ast-page-background-meta":{"desktop":{"background-color":"var(--ast-global-color-5)","background-image":"","background-repeat":"repeat","background-position":"center center","background-size":"auto","background-attachment":"scroll","background-type":"","background-media":"","overlay-type":"","overlay-color":"","overlay-opacity":"","overlay-gradient":""},"tablet":{"background-color":"","background-image":"","background-repeat":"repeat","background-position":"center center","background-size":"auto","background-attachment":"scroll","background-type":"","background-media":"","overlay-type":"","overlay-color":"","overlay-opacity":"","overlay-gradient":""},"mobile":{"background-color":"","background-image":"","background-repeat":"repeat","background-position":"center center","background-size":"auto","background-attachment":"scroll","background-type":"","background-media":"","overlay-type":"","overlay-color":"","overlay-opacity":"","overlay-gradient":""}},"ast-content-background-meta":{"desktop":{"background-color":"var(--ast-global-color-4)","background-image":"","background-repeat":"repeat","background-position":"center center","background-size":"auto","background-attachment":"scroll","background-type":"","background-media":"","overlay-type":"","overlay-color":"","overlay-opacity":"","overlay-gradient":""},"tablet":{"background-color":"var(--ast-global-color-4)","background-image":"","background-repeat":"repeat","background-position":"center center","background-size":"auto","background-attachment":"scroll","background-type":"","background-media":"","overlay-type":"","overlay-color":"","overlay-opacity":"","overlay-gradient":""},"mobile":{"background-color":"var(--ast-global-color-4)","background-image":"","background-repeat":"repeat","background-position":"center center","background-size":"auto","background-attachment":"scroll","background-type":"","background-media":"","overlay-type":"","overlay-color":"","overlay-opacity":"","overlay-gradient":""}},"footnotes":""},"class_list":["post-16","page","type-page","status-publish","hentry"],"_links":{"self":[{"href":"https:\/\/sr-gutachter.de\/index.php\/wp-json\/wp\/v2\/pages\/16","targetHints":{"allow":["GET"]}}],"collection":[{"href":"https:\/\/sr-gutachter.de\/index.php\/wp-json\/wp\/v2\/pages"}],"about":[{"href":"https:\/\/sr-gutachter.de\/index.php\/wp-json\/wp\/v2\/types\/page"}],"author":[{"embeddable":true,"href":"https:\/\/sr-gutachter.de\/index.php\/wp-json\/wp\/v2\/users\/1"}],"replies":[{"embeddable":true,"href":"https:\/\/sr-gutachter.de\/index.php\/wp-json\/wp\/v2\/comments?post=16"}],"version-history":[{"count":40,"href":"https:\/\/sr-gutachter.de\/index.php\/wp-json\/wp\/v2\/pages\/16\/revisions"}],"predecessor-version":[{"id":683,"href":"https:\/\/sr-gutachter.de\/index.php\/wp-json\/wp\/v2\/pages\/16\/revisions\/683"}],"wp:attachment":[{"href":"https:\/\/sr-gutachter.de\/index.php\/wp-json\/wp\/v2\/media?parent=16"}],"curies":[{"name":"wp","href":"https:\/\/api.w.org\/{rel}","templated":true}]}}