{"id":12,"date":"2025-12-18T05:01:23","date_gmt":"2025-12-18T05:01:23","guid":{"rendered":"https:\/\/sr-gutachter.de\/?page_id=12"},"modified":"2026-02-22T12:58:23","modified_gmt":"2026-02-22T12:58:23","slug":"uber-uns","status":"publish","type":"page","link":"https:\/\/sr-gutachter.de\/index.php\/uber-uns\/","title":{"rendered":"\u00dcber uns"},"content":{"rendered":"\t\t<div data-elementor-type=\"wp-page\" data-elementor-id=\"12\" class=\"elementor elementor-12\" data-elementor-post-type=\"page\">\n\t\t\t\t<div class=\"elementor-element elementor-element-11874b1 e-flex e-con-boxed e-con e-parent\" data-id=\"11874b1\" data-element_type=\"container\" data-e-type=\"container\" data-settings=\"{&quot;background_background&quot;:&quot;classic&quot;}\">\n\t\t\t\t\t<div class=\"e-con-inner\">\n\t\t\t\t<div class=\"elementor-element elementor-element-6722167 elementor-widget elementor-widget-heading\" data-id=\"6722167\" data-element_type=\"widget\" data-e-type=\"widget\" data-widget_type=\"heading.default\">\n\t\t\t\t\t<h2 class=\"elementor-heading-title elementor-size-default\">\u00dcber uns<\/h2>\t\t\t\t<\/div>\n\t\t\t\t\t<\/div>\n\t\t\t\t<\/div>\n\t\t<div class=\"elementor-element elementor-element-9713823 e-flex e-con-boxed e-con e-parent\" data-id=\"9713823\" data-element_type=\"container\" data-e-type=\"container\" data-settings=\"{&quot;background_background&quot;:&quot;classic&quot;}\">\n\t\t\t\t\t<div class=\"e-con-inner\">\n\t\t<div class=\"elementor-element elementor-element-404a6c1 e-con-full e-flex elementor-invisible e-con e-child\" data-id=\"404a6c1\" data-element_type=\"container\" data-e-type=\"container\" data-settings=\"{&quot;animation&quot;:&quot;fadeInLeft&quot;}\">\n\t\t\t\t<div class=\"elementor-element elementor-element-5d1e8f1 elementor-widget elementor-widget-image\" data-id=\"5d1e8f1\" data-element_type=\"widget\" data-e-type=\"widget\" data-widget_type=\"image.default\">\n\t\t\t\t\t\t\t\t\t\t\t\t\t\t\t<img fetchpriority=\"high\" decoding=\"async\" width=\"1024\" height=\"1024\" src=\"https:\/\/sr-gutachter.de\/wp-content\/uploads\/2025\/12\/IMG_7884-Kopie-Copy.jpeg\" class=\"attachment-full size-full wp-image-82\" alt=\"\" srcset=\"https:\/\/sr-gutachter.de\/wp-content\/uploads\/2025\/12\/IMG_7884-Kopie-Copy.jpeg 1024w, https:\/\/sr-gutachter.de\/wp-content\/uploads\/2025\/12\/IMG_7884-Kopie-Copy-300x300.jpeg 300w, https:\/\/sr-gutachter.de\/wp-content\/uploads\/2025\/12\/IMG_7884-Kopie-Copy-150x150.jpeg 150w, https:\/\/sr-gutachter.de\/wp-content\/uploads\/2025\/12\/IMG_7884-Kopie-Copy-768x768.jpeg 768w\" sizes=\"(max-width: 1024px) 100vw, 1024px\" \/>\t\t\t\t\t\t\t\t\t\t\t\t\t\t\t<\/div>\n\t\t\t\t<\/div>\n\t\t<div class=\"elementor-element elementor-element-e0ca1ff e-con-full e-flex elementor-invisible e-con e-child\" data-id=\"e0ca1ff\" data-element_type=\"container\" data-e-type=\"container\" data-settings=\"{&quot;animation&quot;:&quot;fadeInRight&quot;}\">\n\t\t\t\t<div class=\"elementor-element elementor-element-85e33a7 elementor-widget elementor-widget-heading\" data-id=\"85e33a7\" data-element_type=\"widget\" data-e-type=\"widget\" data-widget_type=\"heading.default\">\n\t\t\t\t\t<h2 class=\"elementor-heading-title elementor-size-default\">M.Sc. Ingenieur<\/h2>\t\t\t\t<\/div>\n\t\t\t\t<div class=\"elementor-element elementor-element-886c39d elementor-widget elementor-widget-heading\" data-id=\"886c39d\" data-element_type=\"widget\" data-e-type=\"widget\" data-widget_type=\"heading.default\">\n\t\t\t\t\t<h2 class=\"elementor-heading-title elementor-size-default\">Zertifizierter Kfz Sachverst\u00e4ndiger<\/h2>\t\t\t\t<\/div>\n\t\t\t\t<div class=\"elementor-element elementor-element-8ccb4b0 elementor-widget elementor-widget-text-editor\" data-id=\"8ccb4b0\" data-element_type=\"widget\" data-e-type=\"widget\" data-widget_type=\"text-editor.default\">\n\t\t\t\t\t\t\t\t\t<p>Mein Name ist Sekander Rahman. Ich bin zertifizierter Kfz Sachverst\u00e4ndiger mit einem Masterabschluss in Maschinenbau und verf\u00fcge \u00fcber umfassende Erfahrung in der professionellen Fahrzeugbewertung.<\/p><p>Auf Grundlage meines technischen Fachwissens bewerte ich Pkw, Transporter, Elektrofahrzeuge und Leasingfahrzeuge objektiv, pr\u00e4zise und unabh\u00e4ngig. Transparenz, Sorgfalt und eine verst\u00e4ndliche Beratung stehen f\u00fcr mich an erster Stelle. Ich begleite Sie pers\u00f6nlich durch den gesamten Bewertungsprozess und stehe Ihnen jederzeit als verl\u00e4sslicher Ansprechpartner zur Seite.<\/p><p>Bei SR Gutachter erhalten Sie kompetente und unabh\u00e4ngige Gutachten, auf die Sie sich verlassen k\u00f6nnen.<\/p>\t\t\t\t\t\t\t\t<\/div>\n\t\t\t\t<div class=\"elementor-element elementor-element-a52cd34 elementor-align-left elementor-widget elementor-widget-button\" data-id=\"a52cd34\" data-element_type=\"widget\" data-e-type=\"widget\" data-widget_type=\"button.default\">\n\t\t\t\t\t\t\t\t\t\t<a class=\"elementor-button elementor-button-link elementor-size-sm\" href=\"https:\/\/sr-gutachter.de\/index.php\/uber-uns\/\">\n\t\t\t\t\t\t<span class=\"elementor-button-content-wrapper\">\n\t\t\t\t\t\t\t\t\t<span class=\"elementor-button-text\">\u00dcber mich<\/span>\n\t\t\t\t\t<\/span>\n\t\t\t\t\t<\/a>\n\t\t\t\t\t\t\t\t<\/div>\n\t\t\t\t<\/div>\n\t\t\t\t\t<\/div>\n\t\t\t\t<\/div>\n\t\t<div class=\"elementor-element elementor-element-773e8ec e-flex e-con-boxed e-con e-parent\" data-id=\"773e8ec\" data-element_type=\"container\" data-e-type=\"container\" data-settings=\"{&quot;background_background&quot;:&quot;classic&quot;}\">\n\t\t\t\t\t<div class=\"e-con-inner\">\n\t\t<div class=\"elementor-element elementor-element-227934d e-con-full elementor-hidden-desktop elementor-hidden-tablet elementor-hidden-mobile e-flex elementor-invisible e-con e-child\" data-id=\"227934d\" data-element_type=\"container\" data-e-type=\"container\" data-settings=\"{&quot;animation&quot;:&quot;fadeInLeft&quot;}\">\n\t\t\t\t<div class=\"elementor-element elementor-element-24523ce elementor-widget elementor-widget-image\" data-id=\"24523ce\" data-element_type=\"widget\" data-e-type=\"widget\" data-widget_type=\"image.default\">\n\t\t\t\t\t\t\t\t\t\t\t\t\t\t\t<img decoding=\"async\" width=\"692\" height=\"837\" src=\"https:\/\/sr-gutachter.de\/wp-content\/uploads\/2025\/12\/Screenshot-2025-12-22-093639.png\" class=\"attachment-full size-full wp-image-425\" alt=\"\" srcset=\"https:\/\/sr-gutachter.de\/wp-content\/uploads\/2025\/12\/Screenshot-2025-12-22-093639.png 692w, https:\/\/sr-gutachter.de\/wp-content\/uploads\/2025\/12\/Screenshot-2025-12-22-093639-248x300.png 248w\" sizes=\"(max-width: 692px) 100vw, 692px\" \/>\t\t\t\t\t\t\t\t\t\t\t\t\t\t\t<\/div>\n\t\t\t\t<\/div>\n\t\t<div class=\"elementor-element elementor-element-b6136d6 e-con-full e-flex elementor-invisible e-con e-child\" data-id=\"b6136d6\" data-element_type=\"container\" data-e-type=\"container\" data-settings=\"{&quot;animation&quot;:&quot;fadeInRight&quot;}\">\n\t\t\t\t<div class=\"elementor-element elementor-element-e0ef1ce elementor-widget elementor-widget-heading\" data-id=\"e0ef1ce\" data-element_type=\"widget\" data-e-type=\"widget\" data-widget_type=\"heading.default\">\n\t\t\t\t\t<h2 class=\"elementor-heading-title elementor-size-default\">Zertifizierte Fahrzeugbewertungsexpertise in Hamburg \u2013 Ihr klarer Vorteil<\/h2>\t\t\t\t<\/div>\n\t\t\t\t<div class=\"elementor-element elementor-element-8a222bb elementor-widget elementor-widget-text-editor\" data-id=\"8a222bb\" data-element_type=\"widget\" data-e-type=\"widget\" data-widget_type=\"text-editor.default\">\n\t\t\t\t\t\t\t\t\t<p>\u00a0Unabh\u00e4ngige Gutachten<br data-start=\"798\" data-end=\"801\" \/>Anerkannt bei Versicherungen und Anw\u00e4lten<br data-start=\"844\" data-end=\"847\" \/>Schnelle Terminvergabe<br data-start=\"871\" data-end=\"874\" \/>Transparente und faire Bewertung<\/p>\t\t\t\t\t\t\t\t<\/div>\n\t\t\t\t<div class=\"elementor-element elementor-element-0ffe9c0 elementor-align-left elementor-widget elementor-widget-button\" data-id=\"0ffe9c0\" data-element_type=\"widget\" data-e-type=\"widget\" data-widget_type=\"button.default\">\n\t\t\t\t\t\t\t\t\t\t<a class=\"elementor-button elementor-button-link elementor-size-sm\" href=\"https:\/\/sr-gutachter.de\/wp-content\/uploads\/2025\/12\/Zertifikat-Kopie.pdf\">\n\t\t\t\t\t\t<span class=\"elementor-button-content-wrapper\">\n\t\t\t\t\t\t\t\t\t<span class=\"elementor-button-text\">\ud83d\udc49 Kontaktieren Sie mich jetzt<\/span>\n\t\t\t\t\t<\/span>\n\t\t\t\t\t<\/a>\n\t\t\t\t\t\t\t\t<\/div>\n\t\t\t\t<\/div>\n\t\t\t\t\t<\/div>\n\t\t\t\t<\/div>\n\t\t<div class=\"elementor-element elementor-element-cb4c451 e-flex e-con-boxed e-con e-parent\" data-id=\"cb4c451\" data-element_type=\"container\" data-e-type=\"container\">\n\t\t\t\t\t<div class=\"e-con-inner\">\n\t\t<div class=\"elementor-element elementor-element-81b696b e-con-full e-flex elementor-invisible e-con e-child\" data-id=\"81b696b\" data-element_type=\"container\" data-e-type=\"container\" data-settings=\"{&quot;animation&quot;:&quot;fadeInLeft&quot;}\">\n\t\t\t\t<\/div>\n\t\t<div class=\"elementor-element elementor-element-195be40 e-con-full e-flex elementor-invisible e-con e-child\" data-id=\"195be40\" data-element_type=\"container\" data-e-type=\"container\" data-settings=\"{&quot;animation&quot;:&quot;fadeInRight&quot;}\">\n\t\t\t\t<div class=\"elementor-element elementor-element-9769705 elementor-widget elementor-widget-image\" data-id=\"9769705\" data-element_type=\"widget\" data-e-type=\"widget\" data-widget_type=\"image.default\">\n\t\t\t\t\t\t\t\t\t\t\t\t\t\t\t<img fetchpriority=\"high\" decoding=\"async\" width=\"1024\" height=\"1024\" src=\"https:\/\/sr-gutachter.de\/wp-content\/uploads\/2025\/12\/IMG_7884-Kopie-Copy.jpeg\" class=\"attachment-full size-full wp-image-82\" alt=\"\" srcset=\"https:\/\/sr-gutachter.de\/wp-content\/uploads\/2025\/12\/IMG_7884-Kopie-Copy.jpeg 1024w, https:\/\/sr-gutachter.de\/wp-content\/uploads\/2025\/12\/IMG_7884-Kopie-Copy-300x300.jpeg 300w, https:\/\/sr-gutachter.de\/wp-content\/uploads\/2025\/12\/IMG_7884-Kopie-Copy-150x150.jpeg 150w, https:\/\/sr-gutachter.de\/wp-content\/uploads\/2025\/12\/IMG_7884-Kopie-Copy-768x768.jpeg 768w\" sizes=\"(max-width: 1024px) 100vw, 1024px\" \/>\t\t\t\t\t\t\t\t\t\t\t\t\t\t\t<\/div>\n\t\t\t\t<div class=\"elementor-element elementor-element-2633a54 elementor-widget elementor-widget-heading\" data-id=\"2633a54\" data-element_type=\"widget\" data-e-type=\"widget\" data-widget_type=\"heading.default\">\n\t\t\t\t\t<h2 class=\"elementor-heading-title elementor-size-default\">Zertifizierter Fahrzeugbewertungsexperte in Hamburg \u2013 Ihr klarer Vorteil<\/h2>\t\t\t\t<\/div>\n\t\t\t\t<div class=\"elementor-element elementor-element-96f9a95 elementor-widget elementor-widget-text-editor\" data-id=\"96f9a95\" data-element_type=\"widget\" data-e-type=\"widget\" data-widget_type=\"text-editor.default\">\n\t\t\t\t\t\t\t\t\t<p>Als zertifizierter Gutachter biete ich Ihnen professionelle und rechtssichere Gutachten.<br data-start=\"1332\" data-end=\"1335\" \/>Meine Bewertungen helfen Ihnen dabei, Ihre Anspr\u00fcche gegen\u00fcber der Versicherung korrekt durchzusetzen.<\/p>\t\t\t\t\t\t\t\t<\/div>\n\t\t\t\t<div class=\"elementor-element elementor-element-69333e9 elementor-align-left elementor-widget elementor-widget-button\" data-id=\"69333e9\" data-element_type=\"widget\" data-e-type=\"widget\" data-widget_type=\"button.default\">\n\t\t\t\t\t\t\t\t\t\t<a class=\"elementor-button elementor-button-link elementor-size-sm\" href=\"https:\/\/wa.me\/88017632213730\">\n\t\t\t\t\t\t<span class=\"elementor-button-content-wrapper\">\n\t\t\t\t\t\t\t\t\t<span class=\"elementor-button-text\">\ud83d\udc49 Kostenlose Erstberatung<\/span>\n\t\t\t\t\t<\/span>\n\t\t\t\t\t<\/a>\n\t\t\t\t\t\t\t\t<\/div>\n\t\t\t\t<\/div>\n\t\t\t\t\t<\/div>\n\t\t\t\t<\/div>\n\t\t<div class=\"elementor-element elementor-element-9ea88fa e-flex e-con-boxed e-con e-parent\" data-id=\"9ea88fa\" data-element_type=\"container\" data-e-type=\"container\">\n\t\t\t\t\t<div class=\"e-con-inner\">\n\t\t<div class=\"elementor-element elementor-element-51ab690 e-con-full e-flex elementor-invisible e-con e-child\" data-id=\"51ab690\" data-element_type=\"container\" data-e-type=\"container\" data-settings=\"{&quot;animation&quot;:&quot;fadeInLeft&quot;}\">\n\t\t\t\t<div class=\"elementor-element elementor-element-9f9074a elementor-widget elementor-widget-image\" data-id=\"9f9074a\" data-element_type=\"widget\" data-e-type=\"widget\" data-widget_type=\"image.default\">\n\t\t\t\t\t\t\t\t\t\t\t\t\t\t\t<img decoding=\"async\" src=\"https:\/\/sr-gutachter.de\/wp-content\/uploads\/2025\/12\/Screenshot-2025-12-18-124643.png\" title=\"\" alt=\"\" loading=\"lazy\" \/>\t\t\t\t\t\t\t\t\t\t\t\t\t\t\t<\/div>\n\t\t\t\t<\/div>\n\t\t<div class=\"elementor-element elementor-element-cf035a0 e-con-full e-flex elementor-invisible e-con e-child\" data-id=\"cf035a0\" data-element_type=\"container\" data-e-type=\"container\" data-settings=\"{&quot;animation&quot;:&quot;fadeInRight&quot;}\">\n\t\t\t\t<div class=\"elementor-element elementor-element-21be8fa elementor-widget elementor-widget-heading\" data-id=\"21be8fa\" data-element_type=\"widget\" data-e-type=\"widget\" data-widget_type=\"heading.default\">\n\t\t\t\t\t<h2 class=\"elementor-heading-title elementor-size-default\">24\/7 verf\u00fcgbar! Wir sind f\u00fcr Sie da in Hamburg!<\/h2>\t\t\t\t<\/div>\n\t\t\t\t<div class=\"elementor-element elementor-element-788a78c elementor-widget elementor-widget-text-editor\" data-id=\"788a78c\" data-element_type=\"widget\" data-e-type=\"widget\" data-widget_type=\"text-editor.default\">\n\t\t\t\t\t\t\t\t\t<p data-start=\"1532\" data-end=\"1661\">Egal ob Unfall, Schaden oder Fragen zur Abwicklung \u2013<br data-start=\"1584\" data-end=\"1587\" \/>wir stehen Ihnen jederzeit zur Verf\u00fcgung und unterst\u00fctzen Sie zuverl\u00e4ssig.<\/p><p data-start=\"1663\" data-end=\"1688\">\u00a0<\/p>\t\t\t\t\t\t\t\t<\/div>\n\t\t\t\t<div class=\"elementor-element elementor-element-8462fbb elementor-align-left elementor-widget elementor-widget-button\" data-id=\"8462fbb\" data-element_type=\"widget\" data-e-type=\"widget\" data-widget_type=\"button.default\">\n\t\t\t\t\t\t\t\t\t\t<a class=\"elementor-button elementor-button-link elementor-size-sm\" href=\"https:\/\/sr-gutachter.de\/index.php\/kontakt\/\">\n\t\t\t\t\t\t<span class=\"elementor-button-content-wrapper\">\n\t\t\t\t\t\t\t\t\t<span class=\"elementor-button-text\">\ud83d\udc49 Jetzt kontaktieren<\/span>\n\t\t\t\t\t<\/span>\n\t\t\t\t\t<\/a>\n\t\t\t\t\t\t\t\t<\/div>\n\t\t\t\t<\/div>\n\t\t\t\t\t<\/div>\n\t\t\t\t<\/div>\n\t\t\t\t<\/div>\n\t\t","protected":false},"excerpt":{"rendered":"<p>\u00dcber uns M.Sc. Ingenieur Zertifizierter Kfz Sachverst\u00e4ndiger Mein Name ist Sekander Rahman. Ich bin zertifizierter Kfz Sachverst\u00e4ndiger mit einem Masterabschluss [&hellip;]<\/p>\n","protected":false},"author":1,"featured_media":0,"parent":0,"menu_order":0,"comment_status":"closed","ping_status":"closed","template":"elementor_header_footer","meta":{"site-sidebar-layout":"no-sidebar","site-content-layout":"","ast-site-content-layout":"full-width-container","site-content-style":"default","site-sidebar-style":"default","ast-global-header-display":"","ast-banner-title-visibility":"","ast-main-header-display":"","ast-hfb-above-header-display":"","ast-hfb-below-header-display":"","ast-hfb-mobile-header-display":"","site-post-title":"","ast-breadcrumbs-content":"","ast-featured-img":"disabled","footer-sml-layout":"","ast-disable-related-posts":"","theme-transparent-header-meta":"default","adv-header-id-meta":"","stick-header-meta":"","header-above-stick-meta":"","header-main-stick-meta":"","header-below-stick-meta":"","astra-migrate-meta-layouts":"set","ast-page-background-enabled":"default","ast-page-background-meta":{"desktop":{"background-color":"var(--ast-global-color-5)","background-image":"","background-repeat":"repeat","background-position":"center center","background-size":"auto","background-attachment":"scroll","background-type":"","background-media":"","overlay-type":"","overlay-color":"","overlay-opacity":"","overlay-gradient":""},"tablet":{"background-color":"","background-image":"","background-repeat":"repeat","background-position":"center center","background-size":"auto","background-attachment":"scroll","background-type":"","background-media":"","overlay-type":"","overlay-color":"","overlay-opacity":"","overlay-gradient":""},"mobile":{"background-color":"","background-image":"","background-repeat":"repeat","background-position":"center center","background-size":"auto","background-attachment":"scroll","background-type":"","background-media":"","overlay-type":"","overlay-color":"","overlay-opacity":"","overlay-gradient":""}},"ast-content-background-meta":{"desktop":{"background-color":"var(--ast-global-color-4)","background-image":"","background-repeat":"repeat","background-position":"center center","background-size":"auto","background-attachment":"scroll","background-type":"","background-media":"","overlay-type":"","overlay-color":"","overlay-opacity":"","overlay-gradient":""},"tablet":{"background-color":"var(--ast-global-color-4)","background-image":"","background-repeat":"repeat","background-position":"center center","background-size":"auto","background-attachment":"scroll","background-type":"","background-media":"","overlay-type":"","overlay-color":"","overlay-opacity":"","overlay-gradient":""},"mobile":{"background-color":"var(--ast-global-color-4)","background-image":"","background-repeat":"repeat","background-position":"center center","background-size":"auto","background-attachment":"scroll","background-type":"","background-media":"","overlay-type":"","overlay-color":"","overlay-opacity":"","overlay-gradient":""}},"footnotes":""},"class_list":["post-12","page","type-page","status-publish","hentry"],"_links":{"self":[{"href":"https:\/\/sr-gutachter.de\/index.php\/wp-json\/wp\/v2\/pages\/12","targetHints":{"allow":["GET"]}}],"collection":[{"href":"https:\/\/sr-gutachter.de\/index.php\/wp-json\/wp\/v2\/pages"}],"about":[{"href":"https:\/\/sr-gutachter.de\/index.php\/wp-json\/wp\/v2\/types\/page"}],"author":[{"embeddable":true,"href":"https:\/\/sr-gutachter.de\/index.php\/wp-json\/wp\/v2\/users\/1"}],"replies":[{"embeddable":true,"href":"https:\/\/sr-gutachter.de\/index.php\/wp-json\/wp\/v2\/comments?post=12"}],"version-history":[{"count":133,"href":"https:\/\/sr-gutachter.de\/index.php\/wp-json\/wp\/v2\/pages\/12\/revisions"}],"predecessor-version":[{"id":728,"href":"https:\/\/sr-gutachter.de\/index.php\/wp-json\/wp\/v2\/pages\/12\/revisions\/728"}],"wp:attachment":[{"href":"https:\/\/sr-gutachter.de\/index.php\/wp-json\/wp\/v2\/media?parent=12"}],"curies":[{"name":"wp","href":"https:\/\/api.w.org\/{rel}","templated":true}]}}